{"id":1760,"date":"2022-03-09T20:10:19","date_gmt":"2022-03-09T19:10:19","guid":{"rendered":"https:\/\/munterwegs.org\/unterwegs\/?page_id=1760"},"modified":"2022-03-09T20:18:59","modified_gmt":"2022-03-09T19:18:59","slug":"technik","status":"publish","type":"page","link":"https:\/\/munterwegs.org\/unterwegs\/?page_id=1760","title":{"rendered":"Technik!"},"content":{"rendered":"\n<p class=\"has-drop-cap\">Technik, genau! Was einem das Leben einfacher machen soll, wie man immer so h\u00f6rt. Streng genommen handelt es sich jedoch um den Beweis unseres Unverm\u00f6gens. Fragt man beispielsweise, ob beim klettern Kraft oder Technik wichtiger seien, erh\u00e4lt man die stets dieselbe Antwort &#8212; oder bist du etwa anderer Meinung? Dabei ben\u00f6tigen wir bloss deshalb eine angepasste Technik der K\u00f6rperbewegung, weil mir mit unserer beschr\u00e4nkten Kraft nicht besonders lange durchhalten. H\u00e4tten wir Kraft ohne Ende, w\u00fcrde sich das Problem von selber l\u00f6sen. &#8212; Leider aber eben nicht.<\/p>\n\n\n\n<p>Zum Grossmeister des Alpinismus f\u00fchle ich mich nicht berufen, jedoch habe ich im Laufe der Zeit einige kleinere und gr\u00f6ssere Tricks gefunden*, die mir hilfreich sind, und die ich gerne weitergeben m\u00f6chte.<br>*) &#8220;Learning by suffering&#8221; das Motto<\/p>\n","protected":false},"excerpt":{"rendered":"<p>Technik, genau! Was einem das Leben einfacher machen soll, wie man immer so h\u00f6rt. Streng genommen handelt es sich jedoch um den Beweis unseres Unverm\u00f6gens. Fragt man beispielsweise, ob beim klettern Kraft oder Technik wichtiger seien, erh\u00e4lt man die stets dieselbe Antwort &#8212; oder bist du etwa anderer Meinung? Dabei ben\u00f6tigen wir bloss deshalb eine [&hellip;]<\/p>\n","protected":false},"author":2,"featured_media":0,"parent":0,"menu_order":0,"comment_status":"closed","ping_status":"closed","template":"","meta":{"ngg_post_thumbnail":0,"footnotes":""},"class_list":["post-1760","page","type-page","status-publish","hentry"],"_links":{"self":[{"href":"https:\/\/munterwegs.org\/unterwegs\/index.php?rest_route=\/wp\/v2\/pages\/1760","targetHints":{"allow":["GET"]}}],"collection":[{"href":"https:\/\/munterwegs.org\/unterwegs\/index.php?rest_route=\/wp\/v2\/pages"}],"about":[{"href":"https:\/\/munterwegs.org\/unterwegs\/index.php?rest_route=\/wp\/v2\/types\/page"}],"author":[{"embeddable":true,"href":"https:\/\/munterwegs.org\/unterwegs\/index.php?rest_route=\/wp\/v2\/users\/2"}],"replies":[{"embeddable":true,"href":"https:\/\/munterwegs.org\/unterwegs\/index.php?rest_route=%2Fwp%2Fv2%2Fcomments&post=1760"}],"version-history":[{"count":2,"href":"https:\/\/munterwegs.org\/unterwegs\/index.php?rest_route=\/wp\/v2\/pages\/1760\/revisions"}],"predecessor-version":[{"id":1767,"href":"https:\/\/munterwegs.org\/unterwegs\/index.php?rest_route=\/wp\/v2\/pages\/1760\/revisions\/1767"}],"wp:attachment":[{"href":"https:\/\/munterwegs.org\/unterwegs\/index.php?rest_route=%2Fwp%2Fv2%2Fmedia&parent=1760"}],"curies":[{"name":"wp","href":"https:\/\/api.w.org\/{rel}","templated":true}]}}