{"id":537,"date":"0001-01-01T12:00:08","date_gmt":"0001-01-01T11:26:00","guid":{"rendered":"https:\/\/munterwegs.org\/unterwegs\/?page_id=537"},"modified":"2022-05-09T09:37:12","modified_gmt":"2022-05-09T07:37:12","slug":"mato","status":"publish","type":"page","link":"https:\/\/munterwegs.org\/unterwegs\/?page_id=537","title":{"rendered":"Mato!"},"content":{"rendered":"\n<p class=\"has-drop-cap\">Material &#8212; neben Planung der aufw\u00e4ndigste Teil der Vorbereitung! Stundenlanges T\u00fcfteln f\u00fcr Gewichts- oder Funktionsoptimierung, nur um vieles davon nach dem ersten Einsatz als verbesserungsf\u00e4hig zu erkennen. Das macht Spass!<\/p>\n\n\n\n<ul class=\"wp-block-list\"><li>Schuhe: Trail, Ski, Hochtour, Klettern<\/li><li>Bekleidung: Trail, Ski, Hochtour, Klettern<\/li><li>Tech: Orientierung, Strom<\/li><li>Trail<ul><li>Zeug: Rucksack, St\u00f6cke, Mindestausr\u00fcstung<\/li><\/ul><ul><li>Camping: Kochen, Schlafen<\/li><\/ul><\/li><li>Skitour<ul><li>Ski: St\u00f6cke, Bindung, Skischuhe, Felle<\/li><\/ul><ul><li>Zeug: Rucksack, Mindestausr\u00fcstung, LVS etc.<\/li><\/ul><\/li><li>Hochtour<ul><li>Sicherung: Steigeisen, Pickel, Seil<\/li><\/ul><\/li><li>Klettern<ul><li>Sicherung: Seil, Karabiner, Klemmger\u00e4te<\/li><\/ul><\/li><li>Do it yourself<\/li><\/ul>\n\n\n\n<h2 class=\"wp-block-heading\">Reparatur<\/h2>\n\n\n\n<p>Neben dem Reiz von neuer Ausr\u00fcstung liegen mir besonders auch Hinweise zur Reparatur am Herzen. Wer sich auf seine Ausr\u00fcstung voll und ganz verlassen will und muss, wird ihr auf Dauer einen besonderen Wert zumessen. Kleine Defekte zu reparieren geh\u00f6rt dazu und tr\u00e4gt ebenso zum Verst\u00e4ndnis der Funktionsweise wie zum Erkennen m\u00f6glicher Schwachpunkte bei. Beides kann einem bei einer improvisierten Reparatur unterwegs zugute kommen.<\/p>\n\n\n\n<h2 class=\"wp-block-heading\">Interessen<\/h2>\n\n\n\n<p>Wo m\u00f6glich, weise ich jeweils darauf hin, wo ich die Artikel bezogen habe, oder wo sie erh\u00e4ltlich sind, und verlinke die entsprechenden Web-Sites. Daf\u00fcr erhalte ich keine direkte Provision o.\u00e4. Einzelne Bergsportgesch\u00e4fte gew\u00e4hren Bergf\u00fchrern einen Rabatt, der jedoch nicht an meine Person oder diese Web-Site hier gebunden ist.<\/p>\n\n\n\n<p>Gerne unterst\u00fctze ich das lokale Gewerbe, denn nur dank guter Beratung und einem breiten Sortiment k\u00f6nnen wir von neuen Produkten profitieren. Derzeit ist eine Kannibalisierung im Gange, wo die begehrten Artikel via Internet zum allerg\u00fcnstigsten Preis auch aus dem Ausland bestellt werden. Das funktioniert jedoch nur so lange, als wir von unserer Erfahrung zehren k\u00f6nnen und wissen, welche Produkte wir ben\u00f6tigen. L\u00e4ngerfristig ist das eine Sackgasse. Denn diese Entwicklung l\u00e4uft darauf hinaus, dass die Meinungen vor dem Kauf ebenfalls nur noch via Internet eingeholt werden k\u00f6nnen, und dass die Konsumenten vollst\u00e4ndig den manipulativen Mechanismen von sog. Influencern ausgeliefert sein werden.<\/p>\n\n\n\n<p class=\"has-text-align-center\"><a href=\"https:\/\/munterwegs.org\/unterwegs\/?cat=25\" data-type=\"category\" data-id=\"25\">-> Alle Tourenberichte zu Material &lt;-<\/a><\/p>\n","protected":false},"excerpt":{"rendered":"<p>Material &#8212; neben Planung der aufw\u00e4ndigste Teil der Vorbereitung! Stundenlanges T\u00fcfteln f\u00fcr Gewichts- oder Funktionsoptimierung, nur um vieles davon nach dem ersten Einsatz als verbesserungsf\u00e4hig zu erkennen. Das macht Spass! Schuhe: Trail, Ski, Hochtour, Klettern Bekleidung: Trail, Ski, Hochtour, Klettern Tech: Orientierung, Strom Trail Zeug: Rucksack, St\u00f6cke, Mindestausr\u00fcstung Camping: Kochen, Schlafen Skitour Ski: St\u00f6cke, Bindung, [&hellip;]<\/p>\n","protected":false},"author":2,"featured_media":0,"parent":0,"menu_order":0,"comment_status":"closed","ping_status":"closed","template":"","meta":{"ngg_post_thumbnail":0,"footnotes":""},"class_list":["post-537","page","type-page","status-publish","hentry"],"_links":{"self":[{"href":"https:\/\/munterwegs.org\/unterwegs\/index.php?rest_route=\/wp\/v2\/pages\/537","targetHints":{"allow":["GET"]}}],"collection":[{"href":"https:\/\/munterwegs.org\/unterwegs\/index.php?rest_route=\/wp\/v2\/pages"}],"about":[{"href":"https:\/\/munterwegs.org\/unterwegs\/index.php?rest_route=\/wp\/v2\/types\/page"}],"author":[{"embeddable":true,"href":"https:\/\/munterwegs.org\/unterwegs\/index.php?rest_route=\/wp\/v2\/users\/2"}],"replies":[{"embeddable":true,"href":"https:\/\/munterwegs.org\/unterwegs\/index.php?rest_route=%2Fwp%2Fv2%2Fcomments&post=537"}],"version-history":[{"count":20,"href":"https:\/\/munterwegs.org\/unterwegs\/index.php?rest_route=\/wp\/v2\/pages\/537\/revisions"}],"predecessor-version":[{"id":2681,"href":"https:\/\/munterwegs.org\/unterwegs\/index.php?rest_route=\/wp\/v2\/pages\/537\/revisions\/2681"}],"wp:attachment":[{"href":"https:\/\/munterwegs.org\/unterwegs\/index.php?rest_route=%2Fwp%2Fv2%2Fmedia&parent=537"}],"curies":[{"name":"wp","href":"https:\/\/api.w.org\/{rel}","templated":true}]}}